{"id":32,"date":"2025-06-25T17:08:31","date_gmt":"2025-06-25T17:08:31","guid":{"rendered":"https:\/\/arskanrakennuspalvelut.fi\/?page_id=32"},"modified":"2025-06-27T07:14:47","modified_gmt":"2025-06-27T07:14:47","slug":"home","status":"publish","type":"page","link":"https:\/\/arskanrakennuspalvelut.fi\/","title":{"rendered":"Arskan rakennuspalvelut"},"content":{"rendered":"<h1>Luotettavaa rakennusosaamista<\/h1>\n<h5>Olemme t\u00e4yden palvelun rakennusliike vuosien tuomalla vahvalla kokemuksella. Toimimme Keski-Suomen ja Mikkelin alueella.<\/h5>\n<p>\t\t\t\t\t<a href=\"https:\/\/arskanrakennuspalvelut.fi\/?page_id=121\"><br \/>\n\t\t\t\t\t\t\t\t\tOta yhteytt\u00e4<br \/>\n\t\t\t\t\t<\/a><\/p>\n<h2>Etsitk\u00f6 osaavia rakennusalan ammattilaisia? Osuit oikealle sivustolle!<br \/>\n<\/h2>\n<p>Oli sitten kyseess\u00e4 iso tai pieni remontti, me hoidamme sen luotettavasti ja ammattitaidolla. Saat kauttamme kaikki rakennusty\u00f6t, aina remonteista uudisrakentamiseen.<\/p>\n<p>L\u00e4ht\u00f6kohtana meill\u00e4 on aina tyytyv\u00e4inen asiakas, johon pyrimme huolellisella ty\u00f6n laadulla, toteuttamalla asiakkaiden toiveita sek\u00e4 pysym\u00e4ll\u00e4 sovitussa aikataulussa. Asiakkaidemme tyytyv\u00e4isyyden taustalla on my\u00f6s pitk\u00e4 sek\u00e4 vankka ammattitaito ja kokemus alalta.\u00a0<\/p>\n<h2>Rakentamisen palvelut<br \/>\n<\/h2>\n<p>T\u00e4yden palvelun rakennusliikkeen\u00e4 tarjontaamme kuuluvat uudisrakentamisen ja korjausrakentamisen palvelut sek\u00e4 kaivinkonety\u00f6t.<\/p>\n<p>On vaikea l\u00f6yt\u00e4\u00e4 sellaista rakennusty\u00f6t\u00e4, jota emme osaisi tehd\u00e4! Ole siis rohkeasti yhteydess\u00e4 ja kartoitetaan mahdollisuudet!\u00a0<\/p>\n<h2>Remontit ja uudisrakentaminen<\/h2>\n<h5>Palvelumme kattavat kaikki vaativat julkisivu- ja ulkoremontit sek\u00e4 uudisrakentamisen.<br \/>\nOsaavissa k\u00e4siss\u00e4mme valmistuvat katot, terassit, autotallit, omakotitalot, ulkoverhoukset ja saunarakennukset. Halutessasi rakennamme talosi tai vapaa-ajan asuntosi  \u201davaimet k\u00e4teen\u201d -periaatteella aivan valmiiksi asti, perustuksista kattoon saakka omien toiveidesi mukaisesti.<br \/>\nKorjausrakentamisen palveluitamme ovat mm.keitti\u00f6asennukset, huoneistosaneeraus, lattian asennus, maalausty\u00f6t ja ulkoverhoukset.<br \/>\nYrityksell\u00e4 on jokaiselle ty\u00f6vaiheelle ammattilainen k\u00e4yt\u00f6ss\u00e4 mm. LVI-ja s\u00e4hk\u00f6asentajat.<br \/>\n<\/h5>\n<p>\t\t\t\t\t\t\t\t\t\t\t\t\t\t\t<img loading=\"lazy\" decoding=\"async\" width=\"800\" height=\"599\" src=\"https:\/\/arskanrakennuspalvelut.fi\/wp-content\/uploads\/2025\/06\/timpuri-joutsa.jpg\" alt=\"\" srcset=\"https:\/\/arskanrakennuspalvelut.fi\/wp-content\/uploads\/2025\/06\/timpuri-joutsa.jpg 960w, https:\/\/arskanrakennuspalvelut.fi\/wp-content\/uploads\/2025\/06\/timpuri-joutsa-300x225.jpg 300w, https:\/\/arskanrakennuspalvelut.fi\/wp-content\/uploads\/2025\/06\/timpuri-joutsa-768x575.jpg 768w\" sizes=\"auto, (max-width: 800px) 100vw, 800px\" \/><br \/>\n\t\t\t\t\t\t\t\t\t\t\t\t\t\t\t<img loading=\"lazy\" decoding=\"async\" width=\"800\" height=\"600\" src=\"https:\/\/arskanrakennuspalvelut.fi\/wp-content\/uploads\/2025\/06\/arskan-rakennuspalvelut-kylppariremontti-1024x768.jpg\" alt=\"\" srcset=\"https:\/\/arskanrakennuspalvelut.fi\/wp-content\/uploads\/2025\/06\/arskan-rakennuspalvelut-kylppariremontti-1024x768.jpg 1024w, https:\/\/arskanrakennuspalvelut.fi\/wp-content\/uploads\/2025\/06\/arskan-rakennuspalvelut-kylppariremontti-300x225.jpg 300w, https:\/\/arskanrakennuspalvelut.fi\/wp-content\/uploads\/2025\/06\/arskan-rakennuspalvelut-kylppariremontti-768x576.jpg 768w, https:\/\/arskanrakennuspalvelut.fi\/wp-content\/uploads\/2025\/06\/arskan-rakennuspalvelut-kylppariremontti-1536x1152.jpg 1536w, https:\/\/arskanrakennuspalvelut.fi\/wp-content\/uploads\/2025\/06\/arskan-rakennuspalvelut-kylppariremontti.jpg 2048w\" sizes=\"auto, (max-width: 800px) 100vw, 800px\" \/>\t\t\t\t\t\t\t\t\t\t\t\t\t\t\t<\/p>\n<h2>Laatoitusty\u00f6t \/ Kylpyhuoneremontit<\/h2>\n<h5>Teemme laatoitusty\u00f6t kaikkiin kotisi huoneisiin ammattitaidolla ja voit luottaa, ett\u00e4 laatoitus kest\u00e4\u00e4 vuosia kauniina pintana.<br \/>\nKartoitamme tarkasti laatoitustarpeesi, teemme tarvittavat pohjaty\u00f6t ja suoritamme laatoituksen aina tasokkaasti ja toiveidesi mukaisesti.<br \/>\nKylpyhuone on yksi t\u00e4rkeimmist\u00e4 huoneista kodissa, joten sen toimivuuteen ja viihtyisyyteen kannattaa panostaa.<br \/>\nKun harkitset esim. kylpyhuoneremonttia,  ota meihin yhteytt\u00e4!<br \/>\n<\/h5>\n<h2>Sis\u00e4-ja ulkomaalaukset <\/h2>\n<h5>Suoritamme tasoite- ja maalausty\u00f6t kaikkiin tiloihin ja varmistamme huolellisella ty\u00f6skentelyll\u00e4 tasaisen, kest\u00e4v\u00e4n ja harmonisen v\u00e4rimaailman.<br \/>\nUudistamme kotisi niin sis\u00e4- kuin ulkopuolelta vuosien kokemuksen mukanaan tuomalla ammattitaidolla.<br \/>\nAsunnon sis\u00e4maalaus eli seinien, kattojen ja muiden pintojen, kuten esim. v\u00e4liovien maalaus tuo kotiisi uutta ilmett\u00e4.<br \/>\nKaiken kaikkiaan laadukas maalaus parantaa kodin ulkon\u00e4k\u00f6\u00e4, toimivuutta ja arvoa!<br \/>\nToteutamme kattavasti kaikki ulkomaalausty\u00f6t kattomaalauksista, ulkoverhouksien ja piharakennusten maalauksiin. <\/h5>\n<p>\t\t\t\t\t\t\t\t\t\t\t\t\t\t\t<img loading=\"lazy\" decoding=\"async\" width=\"800\" height=\"599\" src=\"https:\/\/arskanrakennuspalvelut.fi\/wp-content\/uploads\/2025\/06\/timpuri-rutalahti.jpg\" alt=\"\" srcset=\"https:\/\/arskanrakennuspalvelut.fi\/wp-content\/uploads\/2025\/06\/timpuri-rutalahti.jpg 960w, https:\/\/arskanrakennuspalvelut.fi\/wp-content\/uploads\/2025\/06\/timpuri-rutalahti-300x225.jpg 300w, https:\/\/arskanrakennuspalvelut.fi\/wp-content\/uploads\/2025\/06\/timpuri-rutalahti-768x575.jpg 768w\" sizes=\"auto, (max-width: 800px) 100vw, 800px\" \/><br \/>\n\t\t\t\t\t\t\t\t\t\t\t\t\t\t\t<img loading=\"lazy\" decoding=\"async\" width=\"720\" height=\"751\" src=\"https:\/\/arskanrakennuspalvelut.fi\/wp-content\/uploads\/2025\/06\/WhatsApp-Kuva-2025-06-26-klo-15.27.37_11d20713.jpg\" alt=\"\" srcset=\"https:\/\/arskanrakennuspalvelut.fi\/wp-content\/uploads\/2025\/06\/WhatsApp-Kuva-2025-06-26-klo-15.27.37_11d20713.jpg 720w, https:\/\/arskanrakennuspalvelut.fi\/wp-content\/uploads\/2025\/06\/WhatsApp-Kuva-2025-06-26-klo-15.27.37_11d20713-288x300.jpg 288w\" sizes=\"auto, (max-width: 720px) 100vw, 720px\" \/>\t\t\t\t\t\t\t\t\t\t\t\t\t\t\t<\/p>\n<h2>Kaivinkonety\u00f6t<\/h2>\n<h5>Kun on tarvetta kaivinkonety\u00f6lle, hoidamme homman alusta loppuun. Oli kyse sitten talon pohjat\u00f6ist\u00e4 tai salaoja-sadevesij\u00e4rjestelmist\u00e4, me hoidamme ne!<br \/>\nSinun ei tarvitse tiet\u00e4\u00e4 tarkalleen, mit\u00e4 haluat kohteessa teht\u00e4v\u00e4n vaan riitt\u00e4\u00e4, ett\u00e4 sinulla on mieless\u00e4si milt\u00e4 haluaisit lopputuloksen n\u00e4ytt\u00e4v\u00e4n! K\u00e4ymme yhdess\u00e4 l\u00e4pi mit\u00e4 kohteessa on mahdollista tehd\u00e4 ja miten haluttuun lopputulokseen p\u00e4\u00e4st\u00e4\u00e4n parhaiten. Kalustona k\u00e4yt\u00e4mme vuokrakoneita.<br \/>\n<\/h5>\n<h2>Miksi valita Arskan Rakennuspalvelut?<\/h2>\n<p>\t\t\t\t<svg aria-hidden=\"true\" viewBox=\"0 0 576 512\" xmlns=\"http:\/\/www.w3.org\/2000\/svg\"><path d=\"M571.31 193.94l-22.63-22.63c-6.25-6.25-16.38-6.25-22.63 0l-11.31 11.31-28.9-28.9c5.63-21.31.36-44.9-16.35-61.61l-45.25-45.25c-62.48-62.48-163.79-62.48-226.28 0l90.51 45.25v18.75c0 16.97 6.74 33.25 18.75 45.25l49.14 49.14c16.71 16.71 40.3 21.98 61.61 16.35l28.9 28.9-11.31 11.31c-6.25 6.25-6.25 16.38 0 22.63l22.63 22.63c6.25 6.25 16.38 6.25 22.63 0l90.51-90.51c6.23-6.24 6.23-16.37-.02-22.62zm-286.72-15.2c-3.7-3.7-6.84-7.79-9.85-11.95L19.64 404.96c-25.57 23.88-26.26 64.19-1.53 88.93s65.05 24.05 88.93-1.53l238.13-255.07c-3.96-2.91-7.9-5.87-11.44-9.41l-49.14-49.14z\"><\/path><\/svg>\t\t\t\t<\/p>\n<h3>\n\t\t\t\t\t\t\tKokenut tiimi<br \/>\n\t\t\t\t\t<\/h3>\n<p>\n\t\t\t\t\t\tYli 30 vuoden kokemus eri kokoisista rakennusprojekteista. On vaikea l\u00f6yt\u00e4\u00e4 sellaista rakennusty\u00f6t\u00e4, jota emme osaisi tehd\u00e4!\t\t\t\t\t<\/p>\n<p>\t\t\t\t<svg aria-hidden=\"true\" viewBox=\"0 0 576 512\" xmlns=\"http:\/\/www.w3.org\/2000\/svg\"><path d=\"M464 0H112c-4 0-7.8 2-10 5.4L2 152.6c-2.9 4.4-2.6 10.2.7 14.2l276 340.8c4.8 5.9 13.8 5.9 18.6 0l276-340.8c3.3-4.1 3.6-9.8.7-14.2L474.1 5.4C471.8 2 468.1 0 464 0zm-19.3 48l63.3 96h-68.4l-51.7-96h56.8zm-202.1 0h90.7l51.7 96H191l51.6-96zm-111.3 0h56.8l-51.7 96H68l63.3-96zm-43 144h51.4L208 352 88.3 192zm102.9 0h193.6L288 435.3 191.2 192zM368 352l68.2-160h51.4L368 352z\"><\/path><\/svg>\t\t\t\t<\/p>\n<h3>\n\t\t\t\t\t\t\tLaatu ja luotettavuus<br \/>\n\t\t\t\t\t<\/h3>\n<p>\n\t\t\t\t\t\tSitoudumme sovittuihin aikatauluihin ja laatusuunnitelmaan.\t\t\t\t\t<\/p>\n<p>\t\t\t\t<svg aria-hidden=\"true\" viewBox=\"0 0 640 512\" xmlns=\"http:\/\/www.w3.org\/2000\/svg\"><path d=\"M256 336h-.02c0-16.18 1.34-8.73-85.05-181.51-17.65-35.29-68.19-35.36-85.87 0C-2.06 328.75.02 320.33.02 336H0c0 44.18 57.31 80 128 80s128-35.82 128-80zM128 176l72 144H56l72-144zm511.98 160c0-16.18 1.34-8.73-85.05-181.51-17.65-35.29-68.19-35.36-85.87 0-87.12 174.26-85.04 165.84-85.04 181.51H384c0 44.18 57.31 80 128 80s128-35.82 128-80h-.02zM440 320l72-144 72 144H440zm88 128H352V153.25c23.51-10.29 41.16-31.48 46.39-57.25H528c8.84 0 16-7.16 16-16V48c0-8.84-7.16-16-16-16H383.64C369.04 12.68 346.09 0 320 0s-49.04 12.68-63.64 32H112c-8.84 0-16 7.16-16 16v32c0 8.84 7.16 16 16 16h129.61c5.23 25.76 22.87 46.96 46.39 57.25V448H112c-8.84 0-16 7.16-16 16v32c0 8.84 7.16 16 16 16h416c8.84 0 16-7.16 16-16v-32c0-8.84-7.16-16-16-16z\"><\/path><\/svg>\t\t\t\t<\/p>\n<h3>\n\t\t\t\t\t\t\tKilpailukykyinen hinnoittelu<br \/>\n\t\t\t\t\t<\/h3>\n<p>\n\t\t\t\t\t\tAsiakasl\u00e4ht\u00f6ist\u00e4 hinnoittelua, joka takaa parhaan mahdollisen hinta-laatusuhteen.\t\t\t\t\t<\/p>\n<p>\t\t\t\t<svg aria-hidden=\"true\" viewBox=\"0 0 512 512\" xmlns=\"http:\/\/www.w3.org\/2000\/svg\"><path d=\"M173.898 439.404l-166.4-166.4c-9.997-9.997-9.997-26.206 0-36.204l36.203-36.204c9.997-9.998 26.207-9.998 36.204 0L192 312.69 432.095 72.596c9.997-9.997 26.207-9.997 36.204 0l36.203 36.204c9.997 9.997 9.997 26.206 0 36.204l-294.4 294.401c-9.998 9.997-26.207 9.997-36.204-.001z\"><\/path><\/svg>\t\t\t\t<\/p>\n<h3>\n\t\t\t\t\t\t\tPaikallinen palvelu<br \/>\n\t\t\t\t\t<\/h3>\n<p>\n\t\t\t\t\t\tToimialueena Joutsa, Jyv\u00e4skyl\u00e4, Kangasniemi ja Mikkeli.\t\t\t\t\t<\/p>\n<p>\t\t\t\t<svg aria-hidden=\"true\" viewBox=\"0 0 512 512\" xmlns=\"http:\/\/www.w3.org\/2000\/svg\"><path d=\"M512 176.001C512 273.203 433.202 352 336 352c-11.22 0-22.19-1.062-32.827-3.069l-24.012 27.014A23.999 23.999 0 0 1 261.223 384H224v40c0 13.255-10.745 24-24 24h-40v40c0 13.255-10.745 24-24 24H24c-13.255 0-24-10.745-24-24v-78.059c0-6.365 2.529-12.47 7.029-16.971l161.802-161.802C163.108 213.814 160 195.271 160 176 160 78.798 238.797.001 335.999 0 433.488-.001 512 78.511 512 176.001zM336 128c0 26.51 21.49 48 48 48s48-21.49 48-48-21.49-48-48-48-48 21.49-48 48z\"><\/path><\/svg>\t\t\t\t<\/p>\n<h3>\n\t\t\t\t\t\t\tAvaimet k\u00e4teen -ratkaisut<br \/>\n\t\t\t\t\t<\/h3>\n<p>\n\t\t\t\t\t\tHoidamme koko prosessin suunnittelusta viimeistelyyn.\t\t\t\t\t<\/p>\n<p>\t\t\t\t\t\t\t\t\t\t\t\t\t\t\t<img loading=\"lazy\" decoding=\"async\" width=\"425\" height=\"200\" src=\"https:\/\/arskanrakennuspalvelut.fi\/wp-content\/uploads\/2025\/06\/WhatsApp-Kuva-2025-06-26-klo-17.54.08_3c65e03b.jpg\" alt=\"\" srcset=\"https:\/\/arskanrakennuspalvelut.fi\/wp-content\/uploads\/2025\/06\/WhatsApp-Kuva-2025-06-26-klo-17.54.08_3c65e03b.jpg 425w, https:\/\/arskanrakennuspalvelut.fi\/wp-content\/uploads\/2025\/06\/WhatsApp-Kuva-2025-06-26-klo-17.54.08_3c65e03b-300x141.jpg 300w\" sizes=\"auto, (max-width: 425px) 100vw, 425px\" \/><br \/>\n\t\t\t\t\t<a href=\"https:\/\/www.facebook.com\/arto64\/\" target=\"_blank\"><br \/>\n\t\t\t\t\t\tFacebook<br \/>\n\t\t\t\t\t\t<svg viewBox=\"0 0 512 512\" xmlns=\"http:\/\/www.w3.org\/2000\/svg\"><path d=\"M504 256C504 119 393 8 256 8S8 119 8 256c0 123.78 90.69 226.38 209.25 245V327.69h-63V256h63v-54.64c0-62.15 37-96.48 93.67-96.48 27.14 0 55.52 4.84 55.52 4.84v61h-31.28c-30.8 0-40.41 19.12-40.41 38.73V256h68.78l-11 71.69h-57.78V501C413.31 482.38 504 379.78 504 256z\"><\/path><\/svg>\t\t\t\t\t<\/a><\/p>\n","protected":false},"excerpt":{"rendered":"<p>Luotettavaa rakennusosaamista Olemme t\u00e4yden palvelun rakennusliike vuosien tuomalla vahvalla kokemuksella. Toimimme Keski-Suomen ja Mikkelin alueella. Ota yhteytt\u00e4 Etsitk\u00f6 osaavia rakennusalan ammattilaisia? Osuit oikealle sivustolle! Oli sitten kyseess\u00e4 iso tai pieni remontti, me hoidamme sen luotettavasti ja ammattitaidolla. Saat kauttamme kaikki rakennusty\u00f6t, aina remonteista uudisrakentamiseen. L\u00e4ht\u00f6kohtana meill\u00e4 on aina tyytyv\u00e4inen asiakas, johon pyrimme huolellisella ty\u00f6n laadulla, [&hellip;]<\/p>\n","protected":false},"author":1,"featured_media":0,"parent":0,"menu_order":0,"comment_status":"closed","ping_status":"closed","template":"elementor_header_footer","meta":{"footnotes":""},"class_list":["post-32","page","type-page","status-publish","hentry"],"_links":{"self":[{"href":"https:\/\/arskanrakennuspalvelut.fi\/index.php?rest_route=\/wp\/v2\/pages\/32","targetHints":{"allow":["GET"]}}],"collection":[{"href":"https:\/\/arskanrakennuspalvelut.fi\/index.php?rest_route=\/wp\/v2\/pages"}],"about":[{"href":"https:\/\/arskanrakennuspalvelut.fi\/index.php?rest_route=\/wp\/v2\/types\/page"}],"author":[{"embeddable":true,"href":"https:\/\/arskanrakennuspalvelut.fi\/index.php?rest_route=\/wp\/v2\/users\/1"}],"replies":[{"embeddable":true,"href":"https:\/\/arskanrakennuspalvelut.fi\/index.php?rest_route=%2Fwp%2Fv2%2Fcomments&post=32"}],"version-history":[{"count":128,"href":"https:\/\/arskanrakennuspalvelut.fi\/index.php?rest_route=\/wp\/v2\/pages\/32\/revisions"}],"predecessor-version":[{"id":311,"href":"https:\/\/arskanrakennuspalvelut.fi\/index.php?rest_route=\/wp\/v2\/pages\/32\/revisions\/311"}],"wp:attachment":[{"href":"https:\/\/arskanrakennuspalvelut.fi\/index.php?rest_route=%2Fwp%2Fv2%2Fmedia&parent=32"}],"curies":[{"name":"wp","href":"https:\/\/api.w.org\/{rel}","templated":true}]}}